{"id":17320,"date":"2019-04-20T07:39:34","date_gmt":"2019-04-20T05:39:34","guid":{"rendered":"http:\/\/tattoo-toni.de\/wordpress\/?page_id=17320"},"modified":"2019-04-20T08:01:00","modified_gmt":"2019-04-20T06:01:00","slug":"impressum","status":"publish","type":"page","link":"http:\/\/tattoo-toni.de\/wordpress\/impressum\/","title":{"rendered":"Impressum"},"content":{"rendered":"<div class=\"vgblk-rw-wrapper limit-wrapper\">\n<h2>Impressum<\/h2>\n<p><strong>Toni Hunscheidt<\/strong><\/p>\nHeinrich Heine Str. 6a<br>\n52477 Alsdorf\n<p>Telefon: (0 24 04) 69 77 4<\/p>\n<strong>Umsatzsteuer-ID:&nbsp;<\/strong><br>\nUmsatzsteuer-Identifikationsnummer nach \u00a727a Umsatzsteuergesetz:<br>\nDE 121788843\n<strong>Bildrechte:<\/strong><br>\nhttps:\/\/pixabay.com\/de\/\n\t<p>Haftungshinweis: Trotz sorgf\u00e4ltiger inhaltlicher Kontrolle \u00fcbernehmen wir keine Haftung f\u00fcr die Inhalte externer Links. F\u00fcr den Inhalt der verlinkten Seiten sind ausschlie\u00dflich deren Betreiber verantwortlich.<\/p>\n<\/div><!-- .vgblk-rw-wrapper -->","protected":false},"excerpt":{"rendered":"<p>Impressum Toni Hunscheidt Heinrich Heine Str. 6a 52477 Alsdorf Telefon: (0 24 04) 69 77 4 Umsatzsteuer-ID:&nbsp; Umsatzsteuer-Identifikationsnummer nach \u00a727a Umsatzsteuergesetz: DE 121788843 Bildrechte: https:\/\/pixabay.com\/de\/ Haftungshinweis: Trotz sorgf\u00e4ltiger inhaltlicher Kontrolle \u00fcbernehmen wir keine Haftung f\u00fcr die Inhalte externer Links. F\u00fcr den Inhalt der verlinkten Seiten sind ausschlie\u00dflich deren Betreiber verantwortlich.<\/p>\n","protected":false},"author":1,"featured_media":0,"parent":0,"menu_order":0,"comment_status":"closed","ping_status":"closed","template":"","meta":{"footnotes":""},"class_list":["post-17320","page","type-page","status-publish","hentry"],"_links":{"self":[{"href":"http:\/\/tattoo-toni.de\/wordpress\/wp-json\/wp\/v2\/pages\/17320","targetHints":{"allow":["GET"]}}],"collection":[{"href":"http:\/\/tattoo-toni.de\/wordpress\/wp-json\/wp\/v2\/pages"}],"about":[{"href":"http:\/\/tattoo-toni.de\/wordpress\/wp-json\/wp\/v2\/types\/page"}],"author":[{"embeddable":true,"href":"http:\/\/tattoo-toni.de\/wordpress\/wp-json\/wp\/v2\/users\/1"}],"replies":[{"embeddable":true,"href":"http:\/\/tattoo-toni.de\/wordpress\/wp-json\/wp\/v2\/comments?post=17320"}],"version-history":[{"count":3,"href":"http:\/\/tattoo-toni.de\/wordpress\/wp-json\/wp\/v2\/pages\/17320\/revisions"}],"predecessor-version":[{"id":17323,"href":"http:\/\/tattoo-toni.de\/wordpress\/wp-json\/wp\/v2\/pages\/17320\/revisions\/17323"}],"wp:attachment":[{"href":"http:\/\/tattoo-toni.de\/wordpress\/wp-json\/wp\/v2\/media?parent=17320"}],"curies":[{"name":"wp","href":"https:\/\/api.w.org\/{rel}","templated":true}]}}